{"id":1868,"date":"2014-09-30T12:52:14","date_gmt":"2014-09-30T11:52:14","guid":{"rendered":"https:\/\/www.fiets4daagsewinterswijk.nl\/de\/home\/"},"modified":"2024-01-22T14:43:02","modified_gmt":"2024-01-22T13:43:02","slug":"home","status":"publish","type":"page","link":"https:\/\/www.fiets4daagsewinterswijk.nl\/de\/","title":{"rendered":"Home"},"content":{"rendered":"<h2>Teilnehmen = grenzenloser Spa\u00df!<\/h2>\n<p>Start t\u00e4glich zwischen 9:00 und 12:00 Uhr.<br \/>\nSportgel\u00e4nde\u00a0\u00b4t Huitinkveld<br \/>\nBataafseweg 2a, NL-\u00a07101 PA Winterswijk<br \/>\nAusreichend Parkpl\u00e4tze vorhanden, der Startplatz ist von den Zufahrtstra\u00dfen aus gut ausgeschildert.<br \/>\nWir hoffen, Sie als Teilnehmer begr\u00fc\u00dfen zu d\u00fcrfen.<\/p>\n<p><a href=\"https:\/\/www.fiets4daagsewinterswijk.nl\/de\/informatie\/algemeen\/\"><span style=\"color: #3366ff;\">Weitere Informationen \u00fcber fiets4daagse &gt;&gt;&gt;&gt;<\/span><\/a><\/p>\n","protected":false},"excerpt":{"rendered":"<p>Teilnehmen = grenzenloser Spa\u00df! Start t\u00e4glich zwischen 9:00 und 12:00 Uhr. Sportgel\u00e4nde\u00a0\u00b4t Huitinkveld Bataafseweg 2a, NL-\u00a07101 PA Winterswijk Ausreichend Parkpl\u00e4tze vorhanden, der Startplatz ist von den Zufahrtstra\u00dfen aus gut ausgeschildert. Wir hoffen, Sie als Teilnehmer begr\u00fc\u00dfen zu d\u00fcrfen. Weitere Informationen \u00fcber fiets4daagse &gt;&gt;&gt;&gt;<\/p>\n","protected":false},"author":1,"featured_media":0,"parent":0,"menu_order":2,"comment_status":"closed","ping_status":"closed","template":"page-templates\/home.php","meta":{"_acf_changed":false,"footnotes":""},"class_list":["post-1868","page","type-page","status-publish","hentry","wordpress-sticky"],"acf":[],"yoast_head":"<!-- This site is optimized with the Yoast SEO plugin v27.4 - https:\/\/yoast.com\/product\/yoast-seo-wordpress\/ -->\n<title>Home - Winterswijkse Fiets4daagse<\/title>\n<meta name=\"robots\" content=\"index, follow, max-snippet:-1, max-image-preview:large, max-video-preview:-1\" \/>\n<link rel=\"canonical\" href=\"https:\/\/www.fiets4daagsewinterswijk.nl\/de\/\" \/>\n<meta property=\"og:locale\" content=\"de_DE\" \/>\n<meta property=\"og:type\" content=\"article\" \/>\n<meta property=\"og:title\" content=\"Home - Winterswijkse Fiets4daagse\" \/>\n<meta property=\"og:description\" content=\"Teilnehmen = grenzenloser Spa\u00df! Start t\u00e4glich zwischen 9:00 und 12:00 Uhr. Sportgel\u00e4nde\u00a0\u00b4t Huitinkveld Bataafseweg 2a, NL-\u00a07101 PA Winterswijk Ausreichend Parkpl\u00e4tze vorhanden, der Startplatz ist von den Zufahrtstra\u00dfen aus gut ausgeschildert. Wir hoffen, Sie als Teilnehmer begr\u00fc\u00dfen zu d\u00fcrfen. Weitere Informationen \u00fcber fiets4daagse &gt;&gt;&gt;&gt;\" \/>\n<meta property=\"og:url\" content=\"https:\/\/www.fiets4daagsewinterswijk.nl\/de\/\" \/>\n<meta property=\"og:site_name\" content=\"Winterswijkse Fiets4daagse\" \/>\n<meta property=\"article:modified_time\" content=\"2024-01-22T13:43:02+00:00\" \/>\n<meta name=\"twitter:label1\" content=\"Gesch\u00e4tzte Lesezeit\" \/>\n\t<meta name=\"twitter:data1\" content=\"1\u00a0Minute\" \/>\n<script type=\"application\/ld+json\" class=\"yoast-schema-graph\">{\"@context\":\"https:\\\/\\\/schema.org\",\"@graph\":[{\"@type\":\"WebPage\",\"@id\":\"https:\\\/\\\/www.fiets4daagsewinterswijk.nl\\\/de\\\/\",\"url\":\"https:\\\/\\\/www.fiets4daagsewinterswijk.nl\\\/de\\\/\",\"name\":\"Home - Winterswijkse Fiets4daagse\",\"isPartOf\":{\"@id\":\"https:\\\/\\\/www.fiets4daagsewinterswijk.nl\\\/#website\"},\"datePublished\":\"2014-09-30T11:52:14+00:00\",\"dateModified\":\"2024-01-22T13:43:02+00:00\",\"breadcrumb\":{\"@id\":\"https:\\\/\\\/www.fiets4daagsewinterswijk.nl\\\/de\\\/#breadcrumb\"},\"inLanguage\":\"de\",\"potentialAction\":[{\"@type\":\"ReadAction\",\"target\":[\"https:\\\/\\\/www.fiets4daagsewinterswijk.nl\\\/de\\\/\"]}]},{\"@type\":\"BreadcrumbList\",\"@id\":\"https:\\\/\\\/www.fiets4daagsewinterswijk.nl\\\/de\\\/#breadcrumb\",\"itemListElement\":[{\"@type\":\"ListItem\",\"position\":1,\"name\":\"Home\",\"item\":\"https:\\\/\\\/www.fiets4daagsewinterswijk.nl\\\/de\\\/\"},{\"@type\":\"ListItem\",\"position\":2,\"name\":\"Home\"}]},{\"@type\":\"WebSite\",\"@id\":\"https:\\\/\\\/www.fiets4daagsewinterswijk.nl\\\/#website\",\"url\":\"https:\\\/\\\/www.fiets4daagsewinterswijk.nl\\\/\",\"name\":\"Winterswijkse Fiets4daagse\",\"description\":\"\",\"potentialAction\":[{\"@type\":\"SearchAction\",\"target\":{\"@type\":\"EntryPoint\",\"urlTemplate\":\"https:\\\/\\\/www.fiets4daagsewinterswijk.nl\\\/?s={search_term_string}\"},\"query-input\":{\"@type\":\"PropertyValueSpecification\",\"valueRequired\":true,\"valueName\":\"search_term_string\"}}],\"inLanguage\":\"de\"}]}<\/script>\n<!-- \/ Yoast SEO plugin. -->","yoast_head_json":{"title":"Home - Winterswijkse Fiets4daagse","robots":{"index":"index","follow":"follow","max-snippet":"max-snippet:-1","max-image-preview":"max-image-preview:large","max-video-preview":"max-video-preview:-1"},"canonical":"https:\/\/www.fiets4daagsewinterswijk.nl\/de\/","og_locale":"de_DE","og_type":"article","og_title":"Home - Winterswijkse Fiets4daagse","og_description":"Teilnehmen = grenzenloser Spa\u00df! Start t\u00e4glich zwischen 9:00 und 12:00 Uhr. Sportgel\u00e4nde\u00a0\u00b4t Huitinkveld Bataafseweg 2a, NL-\u00a07101 PA Winterswijk Ausreichend Parkpl\u00e4tze vorhanden, der Startplatz ist von den Zufahrtstra\u00dfen aus gut ausgeschildert. Wir hoffen, Sie als Teilnehmer begr\u00fc\u00dfen zu d\u00fcrfen. Weitere Informationen \u00fcber fiets4daagse &gt;&gt;&gt;&gt;","og_url":"https:\/\/www.fiets4daagsewinterswijk.nl\/de\/","og_site_name":"Winterswijkse Fiets4daagse","article_modified_time":"2024-01-22T13:43:02+00:00","twitter_misc":{"Gesch\u00e4tzte Lesezeit":"1\u00a0Minute"},"schema":{"@context":"https:\/\/schema.org","@graph":[{"@type":"WebPage","@id":"https:\/\/www.fiets4daagsewinterswijk.nl\/de\/","url":"https:\/\/www.fiets4daagsewinterswijk.nl\/de\/","name":"Home - Winterswijkse Fiets4daagse","isPartOf":{"@id":"https:\/\/www.fiets4daagsewinterswijk.nl\/#website"},"datePublished":"2014-09-30T11:52:14+00:00","dateModified":"2024-01-22T13:43:02+00:00","breadcrumb":{"@id":"https:\/\/www.fiets4daagsewinterswijk.nl\/de\/#breadcrumb"},"inLanguage":"de","potentialAction":[{"@type":"ReadAction","target":["https:\/\/www.fiets4daagsewinterswijk.nl\/de\/"]}]},{"@type":"BreadcrumbList","@id":"https:\/\/www.fiets4daagsewinterswijk.nl\/de\/#breadcrumb","itemListElement":[{"@type":"ListItem","position":1,"name":"Home","item":"https:\/\/www.fiets4daagsewinterswijk.nl\/de\/"},{"@type":"ListItem","position":2,"name":"Home"}]},{"@type":"WebSite","@id":"https:\/\/www.fiets4daagsewinterswijk.nl\/#website","url":"https:\/\/www.fiets4daagsewinterswijk.nl\/","name":"Winterswijkse Fiets4daagse","description":"","potentialAction":[{"@type":"SearchAction","target":{"@type":"EntryPoint","urlTemplate":"https:\/\/www.fiets4daagsewinterswijk.nl\/?s={search_term_string}"},"query-input":{"@type":"PropertyValueSpecification","valueRequired":true,"valueName":"search_term_string"}}],"inLanguage":"de"}]}},"_links":{"self":[{"href":"https:\/\/www.fiets4daagsewinterswijk.nl\/de\/wp-json\/wp\/v2\/pages\/1868","targetHints":{"allow":["GET"]}}],"collection":[{"href":"https:\/\/www.fiets4daagsewinterswijk.nl\/de\/wp-json\/wp\/v2\/pages"}],"about":[{"href":"https:\/\/www.fiets4daagsewinterswijk.nl\/de\/wp-json\/wp\/v2\/types\/page"}],"author":[{"embeddable":true,"href":"https:\/\/www.fiets4daagsewinterswijk.nl\/de\/wp-json\/wp\/v2\/users\/1"}],"replies":[{"embeddable":true,"href":"https:\/\/www.fiets4daagsewinterswijk.nl\/de\/wp-json\/wp\/v2\/comments?post=1868"}],"version-history":[{"count":3,"href":"https:\/\/www.fiets4daagsewinterswijk.nl\/de\/wp-json\/wp\/v2\/pages\/1868\/revisions"}],"predecessor-version":[{"id":6984,"href":"https:\/\/www.fiets4daagsewinterswijk.nl\/de\/wp-json\/wp\/v2\/pages\/1868\/revisions\/6984"}],"wp:attachment":[{"href":"https:\/\/www.fiets4daagsewinterswijk.nl\/de\/wp-json\/wp\/v2\/media?parent=1868"}],"curies":[{"name":"wp","href":"https:\/\/api.w.org\/{rel}","templated":true}]}}