{"id":1870,"date":"2014-10-27T12:06:47","date_gmt":"2014-10-27T11:06:47","guid":{"rendered":"https:\/\/www.fiets4daagsewinterswijk.nl\/de\/informatie\/algemeen\/"},"modified":"2025-12-08T12:48:30","modified_gmt":"2025-12-08T11:48:30","slug":"algemeen","status":"publish","type":"page","link":"https:\/\/www.fiets4daagsewinterswijk.nl\/de\/informatie\/algemeen\/","title":{"rendered":"Allgemeine Information"},"content":{"rendered":"<h5><strong>4 Tage genie\u00dfen in der Ost-Achterhoek<\/strong><\/h5>\n<h5>Von Dienstag, den 23. Juni, bis Freitag, den 26. Juni, organisiert die Stiftung WF-Veranstaltungen bereits die 12. Ausgabe der Internationalen Fahrrad-4-Tage Winterswijk. Vier Tage lang k\u00f6nnen Sie Radtouren von 25, 40 oder 60 km durch die wundersch\u00f6ne Ost-Achterhoek genie\u00dfen. Dieses Gebiet wurde nicht umsonst schon einmal zum \u201eBesten Fahrradrevier der Niederlande\u201c ernannt. Die Routen wurden in diesem Jahr erneut vollst\u00e4ndig \u00fcberarbeitet und f\u00fchren Sie regelm\u00e4\u00dfig \u00fcber die gr\u00fcnen Grenz\u00fcberg\u00e4nge auf das angrenzende deutsche Gebiet.<\/h5>\n<p>Praktische Informationen.<br \/>\nAn allen 4 Tagen kann zwischen 09:00 und 12:00 Uhr gestartet werden. Sie m\u00fcssen im Voraus nicht angeben, welche Entfernung Sie fahren; dies entscheiden Sie unterwegs an den klar gekennzeichneten Routenaufteilungen.<\/p>\n<p>Wie in den Vorjahren k\u00f6nnen die Teilnehmer t\u00e4glich Strecken von 25, 40 und 60 Kilometern durch die wundersch\u00f6ne Nationallandschaft von Winterswijk und den angrenzenden Gemeinden genie\u00dfen. Die Touren sind vollst\u00e4ndig ausgeschildert und verlaufen zum gr\u00f6\u00dften Teil auf kleinen Stra\u00dfen, Feldwegen und Waldwegen. Jeden Tag wird die Veranstaltung mit Musik und anderen Nebenaktivit\u00e4ten belebt, sowohl an den Checkpoints als auch am Endpunkt.<\/p>\n<p>Am Abschlusstag gibt es einen feierlichen Abschluss mit einer kostenlosen Tombola f\u00fcr Teilnehmer, die mindestens drei Tage geradelt sind und die n\u00f6tigen Kontrollstempel gesammelt haben, es wird eine sch\u00f6ne Erinnerung dabei sein.<\/p>\n<p><strong>Start und Ziel\u00a0\u00a0\u00a0\u00a0\u00a0\u00a0\u00a0\u00a0\u00a0\u00a0\u00a0\u00a0\u00a0\u00a0\u00a0\u00a0\u00a0\u00a0\u00a0\u00a0\u00a0\u00a0\u00a0\u00a0\u00a0\u00a0\u00a0\u00a0\u00a0\u00a0\u00a0\u00a0\u00a0\u00a0\u00a0\u00a0\u00a0\u00a0\u00a0\u00a0\u00a0\u00a0\u00a0\u00a0\u00a0\u00a0\u00a0\u00a0\u00a0\u00a0\u00a0\u00a0\u00a0\u00a0\u00a0\u00a0\u00a0\u00a0\u00a0\u00a0\u00a0\u00a0\u00a0\u00a0\u00a0\u00a0\u00a0\u00a0\u00a0\u00a0\u00a0\u00a0\u00a0\u00a0\u00a0\u00a0\u00a0\u00a0\u00a0\u00a0\u00a0\u00a0\u00a0\u00a0\u00a0\u00a0\u00a0\u00a0\u00a0\u00a0\u00a0\u00a0\u00a0\u00a0\u00a0\u00a0\u00a0\u00a0\u00a0\u00a0\u00a0\u00a0\u00a0\u00a0\u00a0\u00a0\u00a0\u00a0\u00a0\u00a0\u00a0 <a href=\"https:\/\/www.fiets4daagsewinterswijk.nl\/wp-content\/uploads\/2014\/10\/Pijlen1.jpg\" rel=\"attachment wp-att-1429\"><img loading=\"lazy\" decoding=\"async\" class=\"alignright wp-image-1429 size-thumbnail\" src=\"https:\/\/www.fiets4daagsewinterswijk.nl\/wp-content\/uploads\/2014\/10\/Pijlen1-150x150.jpg\" alt=\"Pijlen1\" width=\"150\" height=\"150\" \/><\/a><\/strong><\/p>\n<p>Der Start f\u00fcr die Fiets4daagse ist auch dieses mal wieder am Sportgel\u00e4nde \u00b4t Huitinkveld am Bataafseweg 2a, NL-7101 PA in Winterswijk. Die Zufahrt zum Sportgel\u00e4nde wird von den Zufahrtstra\u00dfen aus durch gelbe Schilder met schwarzen Pfeilen angezeigt. Am Startpunkt sind ausreichend Parkm\u00f6glichkeiten vorhanden.<\/p>\n<p><strong>Anmelden<\/strong><\/p>\n<p>\u00dcber den Link\u00a0<span style=\"color: #3366ff;\"><a style=\"color: #3366ff;\" href=\"https:\/\/www.fiets4daagsewinterswijk.nl\/de\/contact\/aanmelden\/\">Anmelden<\/a>\u00a0 <span style=\"color: #333333;\">sind Voranmeldungen m\u00f6glich Die Anmeldung gilt erst dann als verbindlich, wenn die Teilnamegeb\u00fchr \u00fcberwiesen wurde (Bankverbindung: IBAN: NL86 RABO 0143\u00a02585 83, Verwendungszweck\u00a0<\/span><\/span>Stichting WF-evenementen.) Nach erfolgter Zahlung erhalten Sie eine Best\u00e4tigung. Eine Viertages-Startkarte kostet bij Voranmeldung \u20ac 12,00, bei Anmeldung am Start \u20ac 14,00, Einzel-Tageskarten sind ausschlie\u00dflich am Start erh\u00e4ltlich\u00a0\u20ac 4,00.<\/p>\n<p><strong>Arrangements<\/strong><\/p>\n<p>Verschiedene (Mini-)Campingpl\u00e4tze, Hotels und B &amp; B&#8217;s bieten w\u00e4hrend der Fiets4daagse Winterswijk Arrangements an. Weitere informationen dar\u00fcber finden Sie unter dem Reiter <span style=\"color: #3366ff;\"><a style=\"color: #3366ff;\" href=\"https:\/\/www.fiets4daagsewinterswijk.nl\/de\/arrangementen\/\">Arrangements<\/a> <\/span>und <a href=\"https:\/\/www.fiets4daagsewinterswijk.nl\/de\/ubernachten\/\"><span style=\"color: #3366ff;\">\u00dcbernachten <\/span><\/a>und unter: <a href=\"https:\/\/www.100procentwinterswijk.nl\"><span style=\"color: #3366ff;\">VVV Winterswijk.<\/span><\/a><\/p>\n<p>Wir hoffen, Sie im Juni als Teilnehmer an unserem wunderbaren Radsportfestival begr\u00fc\u00dfen zu d\u00fcrfen!<\/p>\n<p>Stichting WFevenementen Winterswijk<\/p>\n<p>&nbsp;<\/p>\n","protected":false},"excerpt":{"rendered":"<p>4 Tage genie\u00dfen in der Ost-Achterhoek Von Dienstag, den 23. Juni, bis Freitag, den 26. Juni, organisiert die Stiftung WF-Veranstaltungen bereits die 12. Ausgabe der Internationalen Fahrrad-4-Tage Winterswijk. Vier Tage lang k\u00f6nnen Sie Radtouren von 25, 40 oder 60 km durch die wundersch\u00f6ne Ost-Achterhoek genie\u00dfen. Dieses Gebiet wurde nicht umsonst schon einmal zum \u201eBesten Fahrradrevier [&hellip;]<\/p>\n","protected":false},"author":1,"featured_media":0,"parent":1869,"menu_order":1,"comment_status":"closed","ping_status":"closed","template":"","meta":{"_acf_changed":false,"footnotes":""},"class_list":["post-1870","page","type-page","status-publish","hentry","wordpress-sticky"],"acf":[],"yoast_head":"<!-- This site is optimized with the Yoast SEO plugin v27.4 - https:\/\/yoast.com\/product\/yoast-seo-wordpress\/ -->\n<title>Allgemeine Information - Winterswijkse Fiets4daagse<\/title>\n<meta name=\"robots\" content=\"index, follow, max-snippet:-1, max-image-preview:large, max-video-preview:-1\" \/>\n<link rel=\"canonical\" href=\"https:\/\/www.fiets4daagsewinterswijk.nl\/de\/informatie\/algemeen\/\" \/>\n<meta property=\"og:locale\" content=\"de_DE\" \/>\n<meta property=\"og:type\" content=\"article\" \/>\n<meta property=\"og:title\" content=\"Allgemeine Information - Winterswijkse Fiets4daagse\" \/>\n<meta property=\"og:description\" content=\"4 Tage genie\u00dfen in der Ost-Achterhoek Von Dienstag, den 23. Juni, bis Freitag, den 26. Juni, organisiert die Stiftung WF-Veranstaltungen bereits die 12. Ausgabe der Internationalen Fahrrad-4-Tage Winterswijk. Vier Tage lang k\u00f6nnen Sie Radtouren von 25, 40 oder 60 km durch die wundersch\u00f6ne Ost-Achterhoek genie\u00dfen. Dieses Gebiet wurde nicht umsonst schon einmal zum \u201eBesten Fahrradrevier [&hellip;]\" \/>\n<meta property=\"og:url\" content=\"https:\/\/www.fiets4daagsewinterswijk.nl\/de\/informatie\/algemeen\/\" \/>\n<meta property=\"og:site_name\" content=\"Winterswijkse Fiets4daagse\" \/>\n<meta property=\"article:modified_time\" content=\"2025-12-08T11:48:30+00:00\" \/>\n<meta name=\"twitter:label1\" content=\"Gesch\u00e4tzte Lesezeit\" \/>\n\t<meta name=\"twitter:data1\" content=\"3\u00a0Minuten\" \/>\n<script type=\"application\/ld+json\" class=\"yoast-schema-graph\">{\"@context\":\"https:\\\/\\\/schema.org\",\"@graph\":[{\"@type\":\"WebPage\",\"@id\":\"https:\\\/\\\/www.fiets4daagsewinterswijk.nl\\\/de\\\/informatie\\\/algemeen\\\/\",\"url\":\"https:\\\/\\\/www.fiets4daagsewinterswijk.nl\\\/de\\\/informatie\\\/algemeen\\\/\",\"name\":\"Allgemeine Information - Winterswijkse Fiets4daagse\",\"isPartOf\":{\"@id\":\"https:\\\/\\\/www.fiets4daagsewinterswijk.nl\\\/#website\"},\"primaryImageOfPage\":{\"@id\":\"https:\\\/\\\/www.fiets4daagsewinterswijk.nl\\\/de\\\/informatie\\\/algemeen\\\/#primaryimage\"},\"image\":{\"@id\":\"https:\\\/\\\/www.fiets4daagsewinterswijk.nl\\\/de\\\/informatie\\\/algemeen\\\/#primaryimage\"},\"thumbnailUrl\":\"https:\\\/\\\/www.fiets4daagsewinterswijk.nl\\\/wp-content\\\/uploads\\\/2014\\\/10\\\/Pijlen1-150x150.jpg\",\"datePublished\":\"2014-10-27T11:06:47+00:00\",\"dateModified\":\"2025-12-08T11:48:30+00:00\",\"breadcrumb\":{\"@id\":\"https:\\\/\\\/www.fiets4daagsewinterswijk.nl\\\/de\\\/informatie\\\/algemeen\\\/#breadcrumb\"},\"inLanguage\":\"de\",\"potentialAction\":[{\"@type\":\"ReadAction\",\"target\":[\"https:\\\/\\\/www.fiets4daagsewinterswijk.nl\\\/de\\\/informatie\\\/algemeen\\\/\"]}]},{\"@type\":\"ImageObject\",\"inLanguage\":\"de\",\"@id\":\"https:\\\/\\\/www.fiets4daagsewinterswijk.nl\\\/de\\\/informatie\\\/algemeen\\\/#primaryimage\",\"url\":\"https:\\\/\\\/www.fiets4daagsewinterswijk.nl\\\/wp-content\\\/uploads\\\/2014\\\/10\\\/Pijlen1-150x150.jpg\",\"contentUrl\":\"https:\\\/\\\/www.fiets4daagsewinterswijk.nl\\\/wp-content\\\/uploads\\\/2014\\\/10\\\/Pijlen1-150x150.jpg\"},{\"@type\":\"BreadcrumbList\",\"@id\":\"https:\\\/\\\/www.fiets4daagsewinterswijk.nl\\\/de\\\/informatie\\\/algemeen\\\/#breadcrumb\",\"itemListElement\":[{\"@type\":\"ListItem\",\"position\":1,\"name\":\"Home\",\"item\":\"https:\\\/\\\/www.fiets4daagsewinterswijk.nl\\\/de\\\/\"},{\"@type\":\"ListItem\",\"position\":2,\"name\":\"Information\",\"item\":\"https:\\\/\\\/www.fiets4daagsewinterswijk.nl\\\/de\\\/informatie\\\/\"},{\"@type\":\"ListItem\",\"position\":3,\"name\":\"Allgemeine Information\"}]},{\"@type\":\"WebSite\",\"@id\":\"https:\\\/\\\/www.fiets4daagsewinterswijk.nl\\\/#website\",\"url\":\"https:\\\/\\\/www.fiets4daagsewinterswijk.nl\\\/\",\"name\":\"Winterswijkse Fiets4daagse\",\"description\":\"\",\"potentialAction\":[{\"@type\":\"SearchAction\",\"target\":{\"@type\":\"EntryPoint\",\"urlTemplate\":\"https:\\\/\\\/www.fiets4daagsewinterswijk.nl\\\/?s={search_term_string}\"},\"query-input\":{\"@type\":\"PropertyValueSpecification\",\"valueRequired\":true,\"valueName\":\"search_term_string\"}}],\"inLanguage\":\"de\"}]}<\/script>\n<!-- \/ Yoast SEO plugin. -->","yoast_head_json":{"title":"Allgemeine Information - Winterswijkse Fiets4daagse","robots":{"index":"index","follow":"follow","max-snippet":"max-snippet:-1","max-image-preview":"max-image-preview:large","max-video-preview":"max-video-preview:-1"},"canonical":"https:\/\/www.fiets4daagsewinterswijk.nl\/de\/informatie\/algemeen\/","og_locale":"de_DE","og_type":"article","og_title":"Allgemeine Information - Winterswijkse Fiets4daagse","og_description":"4 Tage genie\u00dfen in der Ost-Achterhoek Von Dienstag, den 23. Juni, bis Freitag, den 26. Juni, organisiert die Stiftung WF-Veranstaltungen bereits die 12. Ausgabe der Internationalen Fahrrad-4-Tage Winterswijk. Vier Tage lang k\u00f6nnen Sie Radtouren von 25, 40 oder 60 km durch die wundersch\u00f6ne Ost-Achterhoek genie\u00dfen. Dieses Gebiet wurde nicht umsonst schon einmal zum \u201eBesten Fahrradrevier [&hellip;]","og_url":"https:\/\/www.fiets4daagsewinterswijk.nl\/de\/informatie\/algemeen\/","og_site_name":"Winterswijkse Fiets4daagse","article_modified_time":"2025-12-08T11:48:30+00:00","twitter_misc":{"Gesch\u00e4tzte Lesezeit":"3\u00a0Minuten"},"schema":{"@context":"https:\/\/schema.org","@graph":[{"@type":"WebPage","@id":"https:\/\/www.fiets4daagsewinterswijk.nl\/de\/informatie\/algemeen\/","url":"https:\/\/www.fiets4daagsewinterswijk.nl\/de\/informatie\/algemeen\/","name":"Allgemeine Information - Winterswijkse Fiets4daagse","isPartOf":{"@id":"https:\/\/www.fiets4daagsewinterswijk.nl\/#website"},"primaryImageOfPage":{"@id":"https:\/\/www.fiets4daagsewinterswijk.nl\/de\/informatie\/algemeen\/#primaryimage"},"image":{"@id":"https:\/\/www.fiets4daagsewinterswijk.nl\/de\/informatie\/algemeen\/#primaryimage"},"thumbnailUrl":"https:\/\/www.fiets4daagsewinterswijk.nl\/wp-content\/uploads\/2014\/10\/Pijlen1-150x150.jpg","datePublished":"2014-10-27T11:06:47+00:00","dateModified":"2025-12-08T11:48:30+00:00","breadcrumb":{"@id":"https:\/\/www.fiets4daagsewinterswijk.nl\/de\/informatie\/algemeen\/#breadcrumb"},"inLanguage":"de","potentialAction":[{"@type":"ReadAction","target":["https:\/\/www.fiets4daagsewinterswijk.nl\/de\/informatie\/algemeen\/"]}]},{"@type":"ImageObject","inLanguage":"de","@id":"https:\/\/www.fiets4daagsewinterswijk.nl\/de\/informatie\/algemeen\/#primaryimage","url":"https:\/\/www.fiets4daagsewinterswijk.nl\/wp-content\/uploads\/2014\/10\/Pijlen1-150x150.jpg","contentUrl":"https:\/\/www.fiets4daagsewinterswijk.nl\/wp-content\/uploads\/2014\/10\/Pijlen1-150x150.jpg"},{"@type":"BreadcrumbList","@id":"https:\/\/www.fiets4daagsewinterswijk.nl\/de\/informatie\/algemeen\/#breadcrumb","itemListElement":[{"@type":"ListItem","position":1,"name":"Home","item":"https:\/\/www.fiets4daagsewinterswijk.nl\/de\/"},{"@type":"ListItem","position":2,"name":"Information","item":"https:\/\/www.fiets4daagsewinterswijk.nl\/de\/informatie\/"},{"@type":"ListItem","position":3,"name":"Allgemeine Information"}]},{"@type":"WebSite","@id":"https:\/\/www.fiets4daagsewinterswijk.nl\/#website","url":"https:\/\/www.fiets4daagsewinterswijk.nl\/","name":"Winterswijkse Fiets4daagse","description":"","potentialAction":[{"@type":"SearchAction","target":{"@type":"EntryPoint","urlTemplate":"https:\/\/www.fiets4daagsewinterswijk.nl\/?s={search_term_string}"},"query-input":{"@type":"PropertyValueSpecification","valueRequired":true,"valueName":"search_term_string"}}],"inLanguage":"de"}]}},"_links":{"self":[{"href":"https:\/\/www.fiets4daagsewinterswijk.nl\/de\/wp-json\/wp\/v2\/pages\/1870","targetHints":{"allow":["GET"]}}],"collection":[{"href":"https:\/\/www.fiets4daagsewinterswijk.nl\/de\/wp-json\/wp\/v2\/pages"}],"about":[{"href":"https:\/\/www.fiets4daagsewinterswijk.nl\/de\/wp-json\/wp\/v2\/types\/page"}],"author":[{"embeddable":true,"href":"https:\/\/www.fiets4daagsewinterswijk.nl\/de\/wp-json\/wp\/v2\/users\/1"}],"replies":[{"embeddable":true,"href":"https:\/\/www.fiets4daagsewinterswijk.nl\/de\/wp-json\/wp\/v2\/comments?post=1870"}],"version-history":[{"count":13,"href":"https:\/\/www.fiets4daagsewinterswijk.nl\/de\/wp-json\/wp\/v2\/pages\/1870\/revisions"}],"predecessor-version":[{"id":7257,"href":"https:\/\/www.fiets4daagsewinterswijk.nl\/de\/wp-json\/wp\/v2\/pages\/1870\/revisions\/7257"}],"up":[{"embeddable":true,"href":"https:\/\/www.fiets4daagsewinterswijk.nl\/de\/wp-json\/wp\/v2\/pages\/1869"}],"wp:attachment":[{"href":"https:\/\/www.fiets4daagsewinterswijk.nl\/de\/wp-json\/wp\/v2\/media?parent=1870"}],"curies":[{"name":"wp","href":"https:\/\/api.w.org\/{rel}","templated":true}]}}