{"id":1871,"date":"2014-09-30T12:52:14","date_gmt":"2014-09-30T11:52:14","guid":{"rendered":"https:\/\/www.fiets4daagsewinterswijk.nl\/de\/informatie\/deelnemers\/"},"modified":"2024-07-06T09:37:32","modified_gmt":"2024-07-06T08:37:32","slug":"deelnemers","status":"publish","type":"page","link":"https:\/\/www.fiets4daagsewinterswijk.nl\/de\/informatie\/deelnemers\/","title":{"rendered":"Informationen f\u00fcr Teilnehmer"},"content":{"rendered":"<h2><\/h2>\n<p>Die Organisation der Fiets4daagse Winterswijk wird duchgef\u00fchrt von der Stiftung WFevenementen.<\/p>\n<p>Dies bedeutet:<\/p>\n<div class=\"row\">\n<div class=\"large-4 small-12 columns\">\n<h3>Wie gehabt:<\/h3>\n<ul>\n<li>Start zwichen 9:00 und 12:00 Uhr<\/li>\n<li>klar beschilderte Routen<\/li>\n<li>umfangreiche Routenbeschreibung<\/li>\n<li>Besichtigungen<\/li>\n<li>Musikdarbietungen<\/li>\n<li>Stempelstationen an Gastronomiebetrieben<\/li>\n<li>Ladestationen f\u00fcr E-bikes<\/li>\n<\/ul>\n<\/div>\n<div class=\"large-4 small-12 columns\">\n<h3>Auch in 2025:<\/h3>\n<ul>\n<li>interessante neue Routen<\/li>\n<li>3 Strecken 25-40-60 km<\/li>\n<li>Stempelstationen met Activit\u00e4tenangeboten<\/li>\n<li>kostenlose Verlosung met attraktiven Preisen<\/li>\n<\/ul>\n<\/div>\n<div class=\"large-4 small-12 columns\">\n<h3>Startzeiten:<\/h3>\n<p>Es kann jeden Tag in der Zeit von<br \/>\n9:00 en 12:00 Uhr gestartet werden<\/p>\n<h3>Start en Finish:<\/h3>\n<p>Sportgel\u00e4nde \u2019t Huitinkveld<br \/>\nBataafseweg 2a<br \/>\nNL-7101 PA Winterswijk<\/p>\n<p>( gleichzeitig auch Parkplatz )<\/p>\n<\/div>\n<\/div>\n<p><a href=\"https:\/\/www.fiets4daagsewinterswijk.nl\/wp-content\/uploads\/2014\/09\/DSC_5284.jpg\"><img loading=\"lazy\" decoding=\"async\" class=\"wp-image-368 size-medium alignright\" src=\"https:\/\/www.fiets4daagsewinterswijk.nl\/wp-content\/uploads\/2014\/09\/DSC_5284-300x201.jpg\" alt=\"DSC_5284\" width=\"300\" height=\"201\" srcset=\"https:\/\/www.fiets4daagsewinterswijk.nl\/wp-content\/uploads\/2014\/09\/DSC_5284-300x201.jpg 300w, https:\/\/www.fiets4daagsewinterswijk.nl\/wp-content\/uploads\/2014\/09\/DSC_5284-1024x685.jpg 1024w, https:\/\/www.fiets4daagsewinterswijk.nl\/wp-content\/uploads\/2014\/09\/DSC_5284.jpg 1200w\" sizes=\"auto, (max-width: 300px) 100vw, 300px\" \/><\/a>WFevenementen verb\u00fcrgt sich f\u00fcr eine gute Organisation dieser Fiets4daagse. Fur fragen und Anregungen erreichen sie uns \u00fcber <a href=\"mailto:info@fiets4daagsewinterswijk.nl\">info@fiets4daagsewinterswijk.nl<\/a><\/p>\n<p>WFevenementen organisiert noch weitere Wander- und Radtouren <a href=\"https:\/\/www.fiets4daagsewinterswijk.nl\/de\/wfevenementen\">lesen Sie hier weiter &gt;&gt;<\/a><\/p>\n","protected":false},"excerpt":{"rendered":"<p>Die Organisation der Fiets4daagse Winterswijk wird duchgef\u00fchrt von der Stiftung WFevenementen. Dies bedeutet: Wie gehabt: Start zwichen 9:00 und 12:00 Uhr klar beschilderte Routen umfangreiche Routenbeschreibung Besichtigungen Musikdarbietungen Stempelstationen an Gastronomiebetrieben Ladestationen f\u00fcr E-bikes Auch in 2025: interessante neue Routen 3 Strecken 25-40-60 km Stempelstationen met Activit\u00e4tenangeboten kostenlose Verlosung met attraktiven Preisen Startzeiten: Es kann [&hellip;]<\/p>\n","protected":false},"author":1,"featured_media":0,"parent":1869,"menu_order":3,"comment_status":"closed","ping_status":"closed","template":"","meta":{"_acf_changed":false,"footnotes":""},"class_list":["post-1871","page","type-page","status-publish","hentry","wordpress-sticky"],"acf":[],"yoast_head":"<!-- This site is optimized with the Yoast SEO plugin v27.4 - https:\/\/yoast.com\/product\/yoast-seo-wordpress\/ -->\n<title>Informationen f\u00fcr Teilnehmer - Winterswijkse Fiets4daagse<\/title>\n<meta name=\"robots\" content=\"index, follow, max-snippet:-1, max-image-preview:large, max-video-preview:-1\" \/>\n<link rel=\"canonical\" href=\"https:\/\/www.fiets4daagsewinterswijk.nl\/de\/informatie\/deelnemers\/\" \/>\n<meta property=\"og:locale\" content=\"de_DE\" \/>\n<meta property=\"og:type\" content=\"article\" \/>\n<meta property=\"og:title\" content=\"Informationen f\u00fcr Teilnehmer - Winterswijkse Fiets4daagse\" \/>\n<meta property=\"og:description\" content=\"Die Organisation der Fiets4daagse Winterswijk wird duchgef\u00fchrt von der Stiftung WFevenementen. Dies bedeutet: Wie gehabt: Start zwichen 9:00 und 12:00 Uhr klar beschilderte Routen umfangreiche Routenbeschreibung Besichtigungen Musikdarbietungen Stempelstationen an Gastronomiebetrieben Ladestationen f\u00fcr E-bikes Auch in 2025: interessante neue Routen 3 Strecken 25-40-60 km Stempelstationen met Activit\u00e4tenangeboten kostenlose Verlosung met attraktiven Preisen Startzeiten: Es kann [&hellip;]\" \/>\n<meta property=\"og:url\" content=\"https:\/\/www.fiets4daagsewinterswijk.nl\/de\/informatie\/deelnemers\/\" \/>\n<meta property=\"og:site_name\" content=\"Winterswijkse Fiets4daagse\" \/>\n<meta property=\"article:modified_time\" content=\"2024-07-06T08:37:32+00:00\" \/>\n<meta property=\"og:image\" content=\"https:\/\/www.fiets4daagsewinterswijk.nl\/wp-content\/uploads\/2014\/09\/DSC_5284-300x201.jpg\" \/>\n<meta name=\"twitter:label1\" content=\"Gesch\u00e4tzte Lesezeit\" \/>\n\t<meta name=\"twitter:data1\" content=\"1\u00a0Minute\" \/>\n<script type=\"application\/ld+json\" class=\"yoast-schema-graph\">{\"@context\":\"https:\\\/\\\/schema.org\",\"@graph\":[{\"@type\":\"WebPage\",\"@id\":\"https:\\\/\\\/www.fiets4daagsewinterswijk.nl\\\/de\\\/informatie\\\/deelnemers\\\/\",\"url\":\"https:\\\/\\\/www.fiets4daagsewinterswijk.nl\\\/de\\\/informatie\\\/deelnemers\\\/\",\"name\":\"Informationen f\u00fcr Teilnehmer - Winterswijkse Fiets4daagse\",\"isPartOf\":{\"@id\":\"https:\\\/\\\/www.fiets4daagsewinterswijk.nl\\\/#website\"},\"primaryImageOfPage\":{\"@id\":\"https:\\\/\\\/www.fiets4daagsewinterswijk.nl\\\/de\\\/informatie\\\/deelnemers\\\/#primaryimage\"},\"image\":{\"@id\":\"https:\\\/\\\/www.fiets4daagsewinterswijk.nl\\\/de\\\/informatie\\\/deelnemers\\\/#primaryimage\"},\"thumbnailUrl\":\"https:\\\/\\\/www.fiets4daagsewinterswijk.nl\\\/wp-content\\\/uploads\\\/2014\\\/09\\\/DSC_5284-300x201.jpg\",\"datePublished\":\"2014-09-30T11:52:14+00:00\",\"dateModified\":\"2024-07-06T08:37:32+00:00\",\"breadcrumb\":{\"@id\":\"https:\\\/\\\/www.fiets4daagsewinterswijk.nl\\\/de\\\/informatie\\\/deelnemers\\\/#breadcrumb\"},\"inLanguage\":\"de\",\"potentialAction\":[{\"@type\":\"ReadAction\",\"target\":[\"https:\\\/\\\/www.fiets4daagsewinterswijk.nl\\\/de\\\/informatie\\\/deelnemers\\\/\"]}]},{\"@type\":\"ImageObject\",\"inLanguage\":\"de\",\"@id\":\"https:\\\/\\\/www.fiets4daagsewinterswijk.nl\\\/de\\\/informatie\\\/deelnemers\\\/#primaryimage\",\"url\":\"https:\\\/\\\/www.fiets4daagsewinterswijk.nl\\\/wp-content\\\/uploads\\\/2014\\\/09\\\/DSC_5284-300x201.jpg\",\"contentUrl\":\"https:\\\/\\\/www.fiets4daagsewinterswijk.nl\\\/wp-content\\\/uploads\\\/2014\\\/09\\\/DSC_5284-300x201.jpg\"},{\"@type\":\"BreadcrumbList\",\"@id\":\"https:\\\/\\\/www.fiets4daagsewinterswijk.nl\\\/de\\\/informatie\\\/deelnemers\\\/#breadcrumb\",\"itemListElement\":[{\"@type\":\"ListItem\",\"position\":1,\"name\":\"Home\",\"item\":\"https:\\\/\\\/www.fiets4daagsewinterswijk.nl\\\/de\\\/\"},{\"@type\":\"ListItem\",\"position\":2,\"name\":\"Information\",\"item\":\"https:\\\/\\\/www.fiets4daagsewinterswijk.nl\\\/de\\\/informatie\\\/\"},{\"@type\":\"ListItem\",\"position\":3,\"name\":\"Informationen f\u00fcr Teilnehmer\"}]},{\"@type\":\"WebSite\",\"@id\":\"https:\\\/\\\/www.fiets4daagsewinterswijk.nl\\\/#website\",\"url\":\"https:\\\/\\\/www.fiets4daagsewinterswijk.nl\\\/\",\"name\":\"Winterswijkse Fiets4daagse\",\"description\":\"\",\"potentialAction\":[{\"@type\":\"SearchAction\",\"target\":{\"@type\":\"EntryPoint\",\"urlTemplate\":\"https:\\\/\\\/www.fiets4daagsewinterswijk.nl\\\/?s={search_term_string}\"},\"query-input\":{\"@type\":\"PropertyValueSpecification\",\"valueRequired\":true,\"valueName\":\"search_term_string\"}}],\"inLanguage\":\"de\"}]}<\/script>\n<!-- \/ Yoast SEO plugin. -->","yoast_head_json":{"title":"Informationen f\u00fcr Teilnehmer - Winterswijkse Fiets4daagse","robots":{"index":"index","follow":"follow","max-snippet":"max-snippet:-1","max-image-preview":"max-image-preview:large","max-video-preview":"max-video-preview:-1"},"canonical":"https:\/\/www.fiets4daagsewinterswijk.nl\/de\/informatie\/deelnemers\/","og_locale":"de_DE","og_type":"article","og_title":"Informationen f\u00fcr Teilnehmer - Winterswijkse Fiets4daagse","og_description":"Die Organisation der Fiets4daagse Winterswijk wird duchgef\u00fchrt von der Stiftung WFevenementen. Dies bedeutet: Wie gehabt: Start zwichen 9:00 und 12:00 Uhr klar beschilderte Routen umfangreiche Routenbeschreibung Besichtigungen Musikdarbietungen Stempelstationen an Gastronomiebetrieben Ladestationen f\u00fcr E-bikes Auch in 2025: interessante neue Routen 3 Strecken 25-40-60 km Stempelstationen met Activit\u00e4tenangeboten kostenlose Verlosung met attraktiven Preisen Startzeiten: Es kann [&hellip;]","og_url":"https:\/\/www.fiets4daagsewinterswijk.nl\/de\/informatie\/deelnemers\/","og_site_name":"Winterswijkse Fiets4daagse","article_modified_time":"2024-07-06T08:37:32+00:00","og_image":[{"url":"https:\/\/www.fiets4daagsewinterswijk.nl\/wp-content\/uploads\/2014\/09\/DSC_5284-300x201.jpg","type":"","width":"","height":""}],"twitter_misc":{"Gesch\u00e4tzte Lesezeit":"1\u00a0Minute"},"schema":{"@context":"https:\/\/schema.org","@graph":[{"@type":"WebPage","@id":"https:\/\/www.fiets4daagsewinterswijk.nl\/de\/informatie\/deelnemers\/","url":"https:\/\/www.fiets4daagsewinterswijk.nl\/de\/informatie\/deelnemers\/","name":"Informationen f\u00fcr Teilnehmer - Winterswijkse Fiets4daagse","isPartOf":{"@id":"https:\/\/www.fiets4daagsewinterswijk.nl\/#website"},"primaryImageOfPage":{"@id":"https:\/\/www.fiets4daagsewinterswijk.nl\/de\/informatie\/deelnemers\/#primaryimage"},"image":{"@id":"https:\/\/www.fiets4daagsewinterswijk.nl\/de\/informatie\/deelnemers\/#primaryimage"},"thumbnailUrl":"https:\/\/www.fiets4daagsewinterswijk.nl\/wp-content\/uploads\/2014\/09\/DSC_5284-300x201.jpg","datePublished":"2014-09-30T11:52:14+00:00","dateModified":"2024-07-06T08:37:32+00:00","breadcrumb":{"@id":"https:\/\/www.fiets4daagsewinterswijk.nl\/de\/informatie\/deelnemers\/#breadcrumb"},"inLanguage":"de","potentialAction":[{"@type":"ReadAction","target":["https:\/\/www.fiets4daagsewinterswijk.nl\/de\/informatie\/deelnemers\/"]}]},{"@type":"ImageObject","inLanguage":"de","@id":"https:\/\/www.fiets4daagsewinterswijk.nl\/de\/informatie\/deelnemers\/#primaryimage","url":"https:\/\/www.fiets4daagsewinterswijk.nl\/wp-content\/uploads\/2014\/09\/DSC_5284-300x201.jpg","contentUrl":"https:\/\/www.fiets4daagsewinterswijk.nl\/wp-content\/uploads\/2014\/09\/DSC_5284-300x201.jpg"},{"@type":"BreadcrumbList","@id":"https:\/\/www.fiets4daagsewinterswijk.nl\/de\/informatie\/deelnemers\/#breadcrumb","itemListElement":[{"@type":"ListItem","position":1,"name":"Home","item":"https:\/\/www.fiets4daagsewinterswijk.nl\/de\/"},{"@type":"ListItem","position":2,"name":"Information","item":"https:\/\/www.fiets4daagsewinterswijk.nl\/de\/informatie\/"},{"@type":"ListItem","position":3,"name":"Informationen f\u00fcr Teilnehmer"}]},{"@type":"WebSite","@id":"https:\/\/www.fiets4daagsewinterswijk.nl\/#website","url":"https:\/\/www.fiets4daagsewinterswijk.nl\/","name":"Winterswijkse Fiets4daagse","description":"","potentialAction":[{"@type":"SearchAction","target":{"@type":"EntryPoint","urlTemplate":"https:\/\/www.fiets4daagsewinterswijk.nl\/?s={search_term_string}"},"query-input":{"@type":"PropertyValueSpecification","valueRequired":true,"valueName":"search_term_string"}}],"inLanguage":"de"}]}},"_links":{"self":[{"href":"https:\/\/www.fiets4daagsewinterswijk.nl\/de\/wp-json\/wp\/v2\/pages\/1871","targetHints":{"allow":["GET"]}}],"collection":[{"href":"https:\/\/www.fiets4daagsewinterswijk.nl\/de\/wp-json\/wp\/v2\/pages"}],"about":[{"href":"https:\/\/www.fiets4daagsewinterswijk.nl\/de\/wp-json\/wp\/v2\/types\/page"}],"author":[{"embeddable":true,"href":"https:\/\/www.fiets4daagsewinterswijk.nl\/de\/wp-json\/wp\/v2\/users\/1"}],"replies":[{"embeddable":true,"href":"https:\/\/www.fiets4daagsewinterswijk.nl\/de\/wp-json\/wp\/v2\/comments?post=1871"}],"version-history":[{"count":3,"href":"https:\/\/www.fiets4daagsewinterswijk.nl\/de\/wp-json\/wp\/v2\/pages\/1871\/revisions"}],"predecessor-version":[{"id":7061,"href":"https:\/\/www.fiets4daagsewinterswijk.nl\/de\/wp-json\/wp\/v2\/pages\/1871\/revisions\/7061"}],"up":[{"embeddable":true,"href":"https:\/\/www.fiets4daagsewinterswijk.nl\/de\/wp-json\/wp\/v2\/pages\/1869"}],"wp:attachment":[{"href":"https:\/\/www.fiets4daagsewinterswijk.nl\/de\/wp-json\/wp\/v2\/media?parent=1871"}],"curies":[{"name":"wp","href":"https:\/\/api.w.org\/{rel}","templated":true}]}}