{"id":1872,"date":"2014-09-30T12:52:14","date_gmt":"2014-09-30T11:52:14","guid":{"rendered":"https:\/\/www.fiets4daagsewinterswijk.nl\/de\/informatie\/reglement\/"},"modified":"2016-11-30T13:08:28","modified_gmt":"2016-11-30T12:08:28","slug":"reglement","status":"publish","type":"page","link":"https:\/\/www.fiets4daagsewinterswijk.nl\/de\/informatie\/reglement\/","title":{"rendered":"Bedingungen"},"content":{"rendered":"<h2>Teilnamebedingungen<\/h2>\n<ol>\n<li>Der Vorstand der Stiftung WFevenementen hat diese Teilnahmebedingungen festgelegt.<\/li>\n<li>Wenn von Teilnehmer die Rede ist, sind damit auch Teilnehmerinnen gemeint.<\/li>\n<li>Der Teilnehmer erkl\u00e4rt mit seiner Anmeldung, dass ihm die bedingungen bekannt sind und erkl\u00e4rt mit sich damit einverstanden.<\/li>\n<li>Die Stiftung WFevenementen organisiert seit 2014 die Fiets4daagse Winterswijk.<\/li>\n<li>Sie Stiftung WFevenementen\u00a0ist im Handelsregister Utrecht mit der KvK-nummer 59743654 eingetragen.<\/li>\n<li>Stichting WFevenementen,\u00a0im weiteren Verlauf Organisation genannt, ist Midglied der Nederlandse Toer Fiets Unie, Midgliedsnummer 105144.<\/li>\n<li>Die Fiets4daagse Winterswijk ist eine auf Erholung ausgerichtete Radfahr Verantstaltung mit Strecken von 25, 40 und 60 km. Die L\u00e4nge der Strecke darf h\u00f6chtens um 10% von der offiziell ver\u00f6ffenlichen Strecke abweichen.<\/li>\n<li>Die Teilnehmer verpflichten sich bei der (Vor-)Anmeldung, die Anmeldegeb\u00fchr zu entrichten. Die (Vor-)Anmeldung erfolgt zu den Bedingungen, die die Organisation festgelegt hat.<\/li>\n<li>Die Anmeldung zu den Fiets4daagse Winterswijk muss pers\u00f6nlich erfolgen. Die Starterlaubnis kann nicht an Dritte \u00fcbertragen werden.<\/li>\n<li>Vorbehaltlich schwerwiegender Gr\u00fcnde k\u00f6nnen in Voraus entrichtete\u00a0 Anmeldegeb\u00fchren von den Teilnehmern nicht zur\u00fcckgefordert werden. Als Ausnahme hierf\u00fcr gilt, wenn die Fiets4daagse Winterswijk aus Gr\u00fcnden, die sich dem Willen und dem Einfluss der Organisation entziehen, nicht stattfinden. In diesem Fall wird die Geb\u00fchr nach Abzug der Organisations-kosten erstattet.<\/li>\n<li>Wenn nicht anders angegeben, bleiben das Stra\u00dfenverkehrsgesetz und die Stra\u00dfenverkehrs-ortnung w\u00e4hrend der Radtour uneingeschr\u00e4nkt in Kraft.<\/li>\n<li>Die Teilnehmer haben jegliches Verhalten und jegliche Handelungen zu unterlassen,die dem Ansehen der Fiets4daagse Winterswijk und der Organisation schaden k\u00f6nnten. Die Teilnehmer haben den Anweisungen der Organisation und deren Vertreter Folge zu leisten.<\/li>\n<li>Die Teilnehmer erkl\u00e4ren sich mit der eventuellen Ver\u00f6ffenlichung ihres Fotos zur Verwendung in gedruckter Form, im Internet, auf Fotos, Video u.\u00e4 zu Werbezwecken f\u00fcr die Fiets4daagse Winterswijk oder andere von ihr organisierte Verantstaltungen einverstanden, ohne daf\u00fcr eine Verg\u00fctung zu fordern.<\/li>\n<li>Die Teilnehmer m\u00fcssen im \u00dfesitz eines funktionst\u00fcchtigen und im gutem Zustand befindlichen Fahrrads sein, unabh\u00e4ngig von der Verantwortung jedes einzelnen Teilnehmers gegen\u00fcber den rechtlichen Anforderungen.<\/li>\n<li>Die Teilnehmer an der Fiets4daagse Winterswijk sind pers\u00f6nlich verantwortlich f\u00fcr alle Sch\u00e4den jeglicher Art, die durch ihr eigenes Zutun oder Nachl\u00e4ssigkeit oder von jemandem, f\u00fcr den sie Verantwortung tragen, verursacht werden. Sie sind verpflichtet, die Organisation und die von ihr angestellten F\u00fcnktion\u00e4re vor Anspr\u00fcchen Dritter zu bewahren, die aus solchen Sch\u00e4den entstehen k\u00f6nnten.<\/li>\n<li>Die Organisation haftet weder f\u00fcr den Verlust oder die Besch\u00e4digung pers\u00f6nlichen Eigentums noch f\u00fcr pers\u00f6nliche Verletzungen, vorbehaltlich nachweisbaren groben Verschuldens der Organisation.<\/li>\n<li>Das Verteilen von Werbemitteln unterliegt der Genehmigung durch die Organisation.<\/li>\n<li>Die Erinnerungsmedaille erhalten bei der Zielcontrolle die Teilnehmer der Fiets4daagse Winterswijk, die mit gutem Erfolg das Ziel erreichen und mindestens an 3 Tagen teilgenommen haben und die ben\u00f6tigte Anzahl Kontrollstempel gesammelt haben.<\/li>\n<li>Die kostenlose Verlosung am letzten Tag ist bestimmt f\u00fcr die Teilnehmer, die eine Viertageskarte (Dauerkarten-Inhaber) erworben haben und bei der Ziehung pers\u00f6nlich anwesend sind.<\/li>\n<li>In allen anderen f\u00e4llen, die in diesem Reglement nicht ausgef\u00fchrt sind, entscheidet die Organisation.<\/li>\n<li>Winterswijk, Oktober 2014<\/li>\n<\/ol>\n","protected":false},"excerpt":{"rendered":"<p>Teilnamebedingungen Der Vorstand der Stiftung WFevenementen hat diese Teilnahmebedingungen festgelegt. Wenn von Teilnehmer die Rede ist, sind damit auch Teilnehmerinnen gemeint. Der Teilnehmer erkl\u00e4rt mit seiner Anmeldung, dass ihm die bedingungen bekannt sind und erkl\u00e4rt mit sich damit einverstanden. Die Stiftung WFevenementen organisiert seit 2014 die Fiets4daagse Winterswijk. Sie Stiftung WFevenementen\u00a0ist im Handelsregister Utrecht mit [&hellip;]<\/p>\n","protected":false},"author":1,"featured_media":0,"parent":1869,"menu_order":3,"comment_status":"closed","ping_status":"closed","template":"","meta":{"_acf_changed":false,"footnotes":""},"class_list":["post-1872","page","type-page","status-publish","hentry","wordpress-sticky"],"acf":[],"yoast_head":"<!-- This site is optimized with the Yoast SEO plugin v27.4 - https:\/\/yoast.com\/product\/yoast-seo-wordpress\/ -->\n<title>Bedingungen - Winterswijkse Fiets4daagse<\/title>\n<meta name=\"robots\" content=\"index, follow, max-snippet:-1, max-image-preview:large, max-video-preview:-1\" \/>\n<link rel=\"canonical\" href=\"https:\/\/www.fiets4daagsewinterswijk.nl\/de\/informatie\/reglement\/\" \/>\n<meta property=\"og:locale\" content=\"de_DE\" \/>\n<meta property=\"og:type\" content=\"article\" \/>\n<meta property=\"og:title\" content=\"Bedingungen - Winterswijkse Fiets4daagse\" \/>\n<meta property=\"og:description\" content=\"Teilnamebedingungen Der Vorstand der Stiftung WFevenementen hat diese Teilnahmebedingungen festgelegt. Wenn von Teilnehmer die Rede ist, sind damit auch Teilnehmerinnen gemeint. Der Teilnehmer erkl\u00e4rt mit seiner Anmeldung, dass ihm die bedingungen bekannt sind und erkl\u00e4rt mit sich damit einverstanden. Die Stiftung WFevenementen organisiert seit 2014 die Fiets4daagse Winterswijk. Sie Stiftung WFevenementen\u00a0ist im Handelsregister Utrecht mit [&hellip;]\" \/>\n<meta property=\"og:url\" content=\"https:\/\/www.fiets4daagsewinterswijk.nl\/de\/informatie\/reglement\/\" \/>\n<meta property=\"og:site_name\" content=\"Winterswijkse Fiets4daagse\" \/>\n<meta property=\"article:modified_time\" content=\"2016-11-30T12:08:28+00:00\" \/>\n<meta name=\"twitter:label1\" content=\"Gesch\u00e4tzte Lesezeit\" \/>\n\t<meta name=\"twitter:data1\" content=\"3\u00a0Minuten\" \/>\n<script type=\"application\/ld+json\" class=\"yoast-schema-graph\">{\"@context\":\"https:\\\/\\\/schema.org\",\"@graph\":[{\"@type\":\"WebPage\",\"@id\":\"https:\\\/\\\/www.fiets4daagsewinterswijk.nl\\\/de\\\/informatie\\\/reglement\\\/\",\"url\":\"https:\\\/\\\/www.fiets4daagsewinterswijk.nl\\\/de\\\/informatie\\\/reglement\\\/\",\"name\":\"Bedingungen - Winterswijkse Fiets4daagse\",\"isPartOf\":{\"@id\":\"https:\\\/\\\/www.fiets4daagsewinterswijk.nl\\\/#website\"},\"datePublished\":\"2014-09-30T11:52:14+00:00\",\"dateModified\":\"2016-11-30T12:08:28+00:00\",\"breadcrumb\":{\"@id\":\"https:\\\/\\\/www.fiets4daagsewinterswijk.nl\\\/de\\\/informatie\\\/reglement\\\/#breadcrumb\"},\"inLanguage\":\"de\",\"potentialAction\":[{\"@type\":\"ReadAction\",\"target\":[\"https:\\\/\\\/www.fiets4daagsewinterswijk.nl\\\/de\\\/informatie\\\/reglement\\\/\"]}]},{\"@type\":\"BreadcrumbList\",\"@id\":\"https:\\\/\\\/www.fiets4daagsewinterswijk.nl\\\/de\\\/informatie\\\/reglement\\\/#breadcrumb\",\"itemListElement\":[{\"@type\":\"ListItem\",\"position\":1,\"name\":\"Home\",\"item\":\"https:\\\/\\\/www.fiets4daagsewinterswijk.nl\\\/de\\\/\"},{\"@type\":\"ListItem\",\"position\":2,\"name\":\"Information\",\"item\":\"https:\\\/\\\/www.fiets4daagsewinterswijk.nl\\\/de\\\/informatie\\\/\"},{\"@type\":\"ListItem\",\"position\":3,\"name\":\"Bedingungen\"}]},{\"@type\":\"WebSite\",\"@id\":\"https:\\\/\\\/www.fiets4daagsewinterswijk.nl\\\/#website\",\"url\":\"https:\\\/\\\/www.fiets4daagsewinterswijk.nl\\\/\",\"name\":\"Winterswijkse Fiets4daagse\",\"description\":\"\",\"potentialAction\":[{\"@type\":\"SearchAction\",\"target\":{\"@type\":\"EntryPoint\",\"urlTemplate\":\"https:\\\/\\\/www.fiets4daagsewinterswijk.nl\\\/?s={search_term_string}\"},\"query-input\":{\"@type\":\"PropertyValueSpecification\",\"valueRequired\":true,\"valueName\":\"search_term_string\"}}],\"inLanguage\":\"de\"}]}<\/script>\n<!-- \/ Yoast SEO plugin. -->","yoast_head_json":{"title":"Bedingungen - Winterswijkse Fiets4daagse","robots":{"index":"index","follow":"follow","max-snippet":"max-snippet:-1","max-image-preview":"max-image-preview:large","max-video-preview":"max-video-preview:-1"},"canonical":"https:\/\/www.fiets4daagsewinterswijk.nl\/de\/informatie\/reglement\/","og_locale":"de_DE","og_type":"article","og_title":"Bedingungen - Winterswijkse Fiets4daagse","og_description":"Teilnamebedingungen Der Vorstand der Stiftung WFevenementen hat diese Teilnahmebedingungen festgelegt. Wenn von Teilnehmer die Rede ist, sind damit auch Teilnehmerinnen gemeint. Der Teilnehmer erkl\u00e4rt mit seiner Anmeldung, dass ihm die bedingungen bekannt sind und erkl\u00e4rt mit sich damit einverstanden. Die Stiftung WFevenementen organisiert seit 2014 die Fiets4daagse Winterswijk. Sie Stiftung WFevenementen\u00a0ist im Handelsregister Utrecht mit [&hellip;]","og_url":"https:\/\/www.fiets4daagsewinterswijk.nl\/de\/informatie\/reglement\/","og_site_name":"Winterswijkse Fiets4daagse","article_modified_time":"2016-11-30T12:08:28+00:00","twitter_misc":{"Gesch\u00e4tzte Lesezeit":"3\u00a0Minuten"},"schema":{"@context":"https:\/\/schema.org","@graph":[{"@type":"WebPage","@id":"https:\/\/www.fiets4daagsewinterswijk.nl\/de\/informatie\/reglement\/","url":"https:\/\/www.fiets4daagsewinterswijk.nl\/de\/informatie\/reglement\/","name":"Bedingungen - Winterswijkse Fiets4daagse","isPartOf":{"@id":"https:\/\/www.fiets4daagsewinterswijk.nl\/#website"},"datePublished":"2014-09-30T11:52:14+00:00","dateModified":"2016-11-30T12:08:28+00:00","breadcrumb":{"@id":"https:\/\/www.fiets4daagsewinterswijk.nl\/de\/informatie\/reglement\/#breadcrumb"},"inLanguage":"de","potentialAction":[{"@type":"ReadAction","target":["https:\/\/www.fiets4daagsewinterswijk.nl\/de\/informatie\/reglement\/"]}]},{"@type":"BreadcrumbList","@id":"https:\/\/www.fiets4daagsewinterswijk.nl\/de\/informatie\/reglement\/#breadcrumb","itemListElement":[{"@type":"ListItem","position":1,"name":"Home","item":"https:\/\/www.fiets4daagsewinterswijk.nl\/de\/"},{"@type":"ListItem","position":2,"name":"Information","item":"https:\/\/www.fiets4daagsewinterswijk.nl\/de\/informatie\/"},{"@type":"ListItem","position":3,"name":"Bedingungen"}]},{"@type":"WebSite","@id":"https:\/\/www.fiets4daagsewinterswijk.nl\/#website","url":"https:\/\/www.fiets4daagsewinterswijk.nl\/","name":"Winterswijkse Fiets4daagse","description":"","potentialAction":[{"@type":"SearchAction","target":{"@type":"EntryPoint","urlTemplate":"https:\/\/www.fiets4daagsewinterswijk.nl\/?s={search_term_string}"},"query-input":{"@type":"PropertyValueSpecification","valueRequired":true,"valueName":"search_term_string"}}],"inLanguage":"de"}]}},"_links":{"self":[{"href":"https:\/\/www.fiets4daagsewinterswijk.nl\/de\/wp-json\/wp\/v2\/pages\/1872","targetHints":{"allow":["GET"]}}],"collection":[{"href":"https:\/\/www.fiets4daagsewinterswijk.nl\/de\/wp-json\/wp\/v2\/pages"}],"about":[{"href":"https:\/\/www.fiets4daagsewinterswijk.nl\/de\/wp-json\/wp\/v2\/types\/page"}],"author":[{"embeddable":true,"href":"https:\/\/www.fiets4daagsewinterswijk.nl\/de\/wp-json\/wp\/v2\/users\/1"}],"replies":[{"embeddable":true,"href":"https:\/\/www.fiets4daagsewinterswijk.nl\/de\/wp-json\/wp\/v2\/comments?post=1872"}],"version-history":[{"count":3,"href":"https:\/\/www.fiets4daagsewinterswijk.nl\/de\/wp-json\/wp\/v2\/pages\/1872\/revisions"}],"predecessor-version":[{"id":2057,"href":"https:\/\/www.fiets4daagsewinterswijk.nl\/de\/wp-json\/wp\/v2\/pages\/1872\/revisions\/2057"}],"up":[{"embeddable":true,"href":"https:\/\/www.fiets4daagsewinterswijk.nl\/de\/wp-json\/wp\/v2\/pages\/1869"}],"wp:attachment":[{"href":"https:\/\/www.fiets4daagsewinterswijk.nl\/de\/wp-json\/wp\/v2\/media?parent=1872"}],"curies":[{"name":"wp","href":"https:\/\/api.w.org\/{rel}","templated":true}]}}