{"id":1886,"date":"2014-09-30T12:52:14","date_gmt":"2014-09-30T11:52:14","guid":{"rendered":"https:\/\/www.fiets4daagsewinterswijk.nl\/de\/wfevenementen\/"},"modified":"2019-09-10T10:27:42","modified_gmt":"2019-09-10T09:27:42","slug":"wfevenementen","status":"publish","type":"page","link":"https:\/\/www.fiets4daagsewinterswijk.nl\/de\/wfevenementen\/","title":{"rendered":"WFevenementen"},"content":{"rendered":"<p><strong>Wer sind wir?<br \/>\n<\/strong>Die Stiftung WFevenementen wurde im Jahr 2014 mit der Zielsetzung gegr\u00fcndet,\u00a0<span style=\"color: #3366ff;\">Wander-und Radfahrveranstaltungen<\/span> in der Gemeinde Winterswijk und Umgebung zu Erholungszwecken zu organisieren. An diesen Verantstaltungen kann\u00a0prinzipiell jeder\u00a0teilnehmen.\u00a0Die\u00a0gro\u00dfen Internationalen Fiets4daagse Winterswijk sind momentan die gr\u00f6\u00dfte Verantstaltung, au\u00dferdem gibt es noch Thementouren f\u00fcr Wanderer und Radfahrer. Die Mehrzahl der Organisatoren und deren Mitarbeiter haben jahrzehntelange Erfahrung in der Organisation van Sportveranstaltungen, dar\u00fcber hinaus sind die meisten selbst auch als Wanderer und Radfahrer aktiv. Die Stiftung ist Mitglied der Nederlandse Toer Fiets Unie.<\/p>\n<p><strong>Ausf\u00fchrung:<br \/>\n<\/strong>Alle Touren von WFevenementen werden mit Hilfe von Pfeilen genau ausgeschildert, au\u00dferdem erhalten die Teilnehmer eine detaillierte Routenbeschreibung. In regelm\u00e4\u00dfigen Abst\u00e4nden sind an Gastronomiebetrieben Stempel- und Raststationen angelegt, dort k\u00f6nnen die Teilnehmer sich hinsetzen und etwas essen oder trinken. In Allgemeinen verlaufen die Routen \u00fcber ruhige Stra\u00dfen, Sand- und Waldwege. Stark befahrene Stra\u00dfen werden, sofern m\u00f6glich, vermieten. W\u00e4hrend der Touren wird regelm\u00e4\u00dfig auch die Landesgrenze \u00fcberquert, darum haben die Teilnehmer jederzeit einen g\u00fcltigen Personalausweis bei sich zu tragen. Die Routen f\u00fchren gr\u00f6\u00dftenteils \u00fcber \u00f6ffenliche Stra\u00dfen\/Wege, wobei die geltenden Verkehrsregeln zu beachten sind!<\/p>\n<p><strong>Start und Ziel:<\/strong><br \/>\nNormalerweise sind Start und Ziel an ein und derselben Stelle, lesen Sie hierzu auch die Beschreibung der Verantstaltungen. In der N\u00e4he dieser Punkte is ausreichend Parkgelegenheit vorhanden, dieses wird deutlich beschildert. F\u00fcr Autofahrer met einem Navigationssystem wird die Postleizahl des Startpunkts angegeben.<\/p>\n<p><strong>\u00a0<\/strong><\/p>\n<p>&nbsp;<\/p>\n<p>&nbsp;<\/p>\n","protected":false},"excerpt":{"rendered":"<p>Wer sind wir? Die Stiftung WFevenementen wurde im Jahr 2014 mit der Zielsetzung gegr\u00fcndet,\u00a0Wander-und Radfahrveranstaltungen in der Gemeinde Winterswijk und Umgebung zu Erholungszwecken zu organisieren. An diesen Verantstaltungen kann\u00a0prinzipiell jeder\u00a0teilnehmen.\u00a0Die\u00a0gro\u00dfen Internationalen Fiets4daagse Winterswijk sind momentan die gr\u00f6\u00dfte Verantstaltung, au\u00dferdem gibt es noch Thementouren f\u00fcr Wanderer und Radfahrer. Die Mehrzahl der Organisatoren und deren Mitarbeiter haben [&hellip;]<\/p>\n","protected":false},"author":1,"featured_media":0,"parent":0,"menu_order":15,"comment_status":"closed","ping_status":"closed","template":"page-templates\/wfevenementen.php","meta":{"_acf_changed":false,"footnotes":""},"class_list":["post-1886","page","type-page","status-publish","hentry","wordpress-sticky"],"acf":[],"yoast_head":"<!-- This site is optimized with the Yoast SEO plugin v27.4 - https:\/\/yoast.com\/product\/yoast-seo-wordpress\/ -->\n<title>WFevenementen - Winterswijkse Fiets4daagse<\/title>\n<meta name=\"robots\" content=\"index, follow, max-snippet:-1, max-image-preview:large, max-video-preview:-1\" \/>\n<link rel=\"canonical\" href=\"https:\/\/www.fiets4daagsewinterswijk.nl\/de\/wfevenementen\/\" \/>\n<meta property=\"og:locale\" content=\"de_DE\" \/>\n<meta property=\"og:type\" content=\"article\" \/>\n<meta property=\"og:title\" content=\"WFevenementen - Winterswijkse Fiets4daagse\" \/>\n<meta property=\"og:description\" content=\"Wer sind wir? Die Stiftung WFevenementen wurde im Jahr 2014 mit der Zielsetzung gegr\u00fcndet,\u00a0Wander-und Radfahrveranstaltungen in der Gemeinde Winterswijk und Umgebung zu Erholungszwecken zu organisieren. An diesen Verantstaltungen kann\u00a0prinzipiell jeder\u00a0teilnehmen.\u00a0Die\u00a0gro\u00dfen Internationalen Fiets4daagse Winterswijk sind momentan die gr\u00f6\u00dfte Verantstaltung, au\u00dferdem gibt es noch Thementouren f\u00fcr Wanderer und Radfahrer. Die Mehrzahl der Organisatoren und deren Mitarbeiter haben [&hellip;]\" \/>\n<meta property=\"og:url\" content=\"https:\/\/www.fiets4daagsewinterswijk.nl\/de\/wfevenementen\/\" \/>\n<meta property=\"og:site_name\" content=\"Winterswijkse Fiets4daagse\" \/>\n<meta property=\"article:modified_time\" content=\"2019-09-10T09:27:42+00:00\" \/>\n<meta name=\"twitter:label1\" content=\"Gesch\u00e4tzte Lesezeit\" \/>\n\t<meta name=\"twitter:data1\" content=\"1\u00a0Minute\" \/>\n<script type=\"application\/ld+json\" class=\"yoast-schema-graph\">{\"@context\":\"https:\\\/\\\/schema.org\",\"@graph\":[{\"@type\":\"WebPage\",\"@id\":\"https:\\\/\\\/www.fiets4daagsewinterswijk.nl\\\/de\\\/wfevenementen\\\/\",\"url\":\"https:\\\/\\\/www.fiets4daagsewinterswijk.nl\\\/de\\\/wfevenementen\\\/\",\"name\":\"WFevenementen - Winterswijkse Fiets4daagse\",\"isPartOf\":{\"@id\":\"https:\\\/\\\/www.fiets4daagsewinterswijk.nl\\\/#website\"},\"datePublished\":\"2014-09-30T11:52:14+00:00\",\"dateModified\":\"2019-09-10T09:27:42+00:00\",\"breadcrumb\":{\"@id\":\"https:\\\/\\\/www.fiets4daagsewinterswijk.nl\\\/de\\\/wfevenementen\\\/#breadcrumb\"},\"inLanguage\":\"de\",\"potentialAction\":[{\"@type\":\"ReadAction\",\"target\":[\"https:\\\/\\\/www.fiets4daagsewinterswijk.nl\\\/de\\\/wfevenementen\\\/\"]}]},{\"@type\":\"BreadcrumbList\",\"@id\":\"https:\\\/\\\/www.fiets4daagsewinterswijk.nl\\\/de\\\/wfevenementen\\\/#breadcrumb\",\"itemListElement\":[{\"@type\":\"ListItem\",\"position\":1,\"name\":\"Home\",\"item\":\"https:\\\/\\\/www.fiets4daagsewinterswijk.nl\\\/de\\\/\"},{\"@type\":\"ListItem\",\"position\":2,\"name\":\"WFevenementen\"}]},{\"@type\":\"WebSite\",\"@id\":\"https:\\\/\\\/www.fiets4daagsewinterswijk.nl\\\/#website\",\"url\":\"https:\\\/\\\/www.fiets4daagsewinterswijk.nl\\\/\",\"name\":\"Winterswijkse Fiets4daagse\",\"description\":\"\",\"potentialAction\":[{\"@type\":\"SearchAction\",\"target\":{\"@type\":\"EntryPoint\",\"urlTemplate\":\"https:\\\/\\\/www.fiets4daagsewinterswijk.nl\\\/?s={search_term_string}\"},\"query-input\":{\"@type\":\"PropertyValueSpecification\",\"valueRequired\":true,\"valueName\":\"search_term_string\"}}],\"inLanguage\":\"de\"}]}<\/script>\n<!-- \/ Yoast SEO plugin. -->","yoast_head_json":{"title":"WFevenementen - Winterswijkse Fiets4daagse","robots":{"index":"index","follow":"follow","max-snippet":"max-snippet:-1","max-image-preview":"max-image-preview:large","max-video-preview":"max-video-preview:-1"},"canonical":"https:\/\/www.fiets4daagsewinterswijk.nl\/de\/wfevenementen\/","og_locale":"de_DE","og_type":"article","og_title":"WFevenementen - Winterswijkse Fiets4daagse","og_description":"Wer sind wir? Die Stiftung WFevenementen wurde im Jahr 2014 mit der Zielsetzung gegr\u00fcndet,\u00a0Wander-und Radfahrveranstaltungen in der Gemeinde Winterswijk und Umgebung zu Erholungszwecken zu organisieren. An diesen Verantstaltungen kann\u00a0prinzipiell jeder\u00a0teilnehmen.\u00a0Die\u00a0gro\u00dfen Internationalen Fiets4daagse Winterswijk sind momentan die gr\u00f6\u00dfte Verantstaltung, au\u00dferdem gibt es noch Thementouren f\u00fcr Wanderer und Radfahrer. Die Mehrzahl der Organisatoren und deren Mitarbeiter haben [&hellip;]","og_url":"https:\/\/www.fiets4daagsewinterswijk.nl\/de\/wfevenementen\/","og_site_name":"Winterswijkse Fiets4daagse","article_modified_time":"2019-09-10T09:27:42+00:00","twitter_misc":{"Gesch\u00e4tzte Lesezeit":"1\u00a0Minute"},"schema":{"@context":"https:\/\/schema.org","@graph":[{"@type":"WebPage","@id":"https:\/\/www.fiets4daagsewinterswijk.nl\/de\/wfevenementen\/","url":"https:\/\/www.fiets4daagsewinterswijk.nl\/de\/wfevenementen\/","name":"WFevenementen - Winterswijkse Fiets4daagse","isPartOf":{"@id":"https:\/\/www.fiets4daagsewinterswijk.nl\/#website"},"datePublished":"2014-09-30T11:52:14+00:00","dateModified":"2019-09-10T09:27:42+00:00","breadcrumb":{"@id":"https:\/\/www.fiets4daagsewinterswijk.nl\/de\/wfevenementen\/#breadcrumb"},"inLanguage":"de","potentialAction":[{"@type":"ReadAction","target":["https:\/\/www.fiets4daagsewinterswijk.nl\/de\/wfevenementen\/"]}]},{"@type":"BreadcrumbList","@id":"https:\/\/www.fiets4daagsewinterswijk.nl\/de\/wfevenementen\/#breadcrumb","itemListElement":[{"@type":"ListItem","position":1,"name":"Home","item":"https:\/\/www.fiets4daagsewinterswijk.nl\/de\/"},{"@type":"ListItem","position":2,"name":"WFevenementen"}]},{"@type":"WebSite","@id":"https:\/\/www.fiets4daagsewinterswijk.nl\/#website","url":"https:\/\/www.fiets4daagsewinterswijk.nl\/","name":"Winterswijkse Fiets4daagse","description":"","potentialAction":[{"@type":"SearchAction","target":{"@type":"EntryPoint","urlTemplate":"https:\/\/www.fiets4daagsewinterswijk.nl\/?s={search_term_string}"},"query-input":{"@type":"PropertyValueSpecification","valueRequired":true,"valueName":"search_term_string"}}],"inLanguage":"de"}]}},"_links":{"self":[{"href":"https:\/\/www.fiets4daagsewinterswijk.nl\/de\/wp-json\/wp\/v2\/pages\/1886","targetHints":{"allow":["GET"]}}],"collection":[{"href":"https:\/\/www.fiets4daagsewinterswijk.nl\/de\/wp-json\/wp\/v2\/pages"}],"about":[{"href":"https:\/\/www.fiets4daagsewinterswijk.nl\/de\/wp-json\/wp\/v2\/types\/page"}],"author":[{"embeddable":true,"href":"https:\/\/www.fiets4daagsewinterswijk.nl\/de\/wp-json\/wp\/v2\/users\/1"}],"replies":[{"embeddable":true,"href":"https:\/\/www.fiets4daagsewinterswijk.nl\/de\/wp-json\/wp\/v2\/comments?post=1886"}],"version-history":[{"count":3,"href":"https:\/\/www.fiets4daagsewinterswijk.nl\/de\/wp-json\/wp\/v2\/pages\/1886\/revisions"}],"predecessor-version":[{"id":4904,"href":"https:\/\/www.fiets4daagsewinterswijk.nl\/de\/wp-json\/wp\/v2\/pages\/1886\/revisions\/4904"}],"wp:attachment":[{"href":"https:\/\/www.fiets4daagsewinterswijk.nl\/de\/wp-json\/wp\/v2\/media?parent=1886"}],"curies":[{"name":"wp","href":"https:\/\/api.w.org\/{rel}","templated":true}]}}