{"id":3285,"date":"2018-06-05T14:24:55","date_gmt":"2018-06-05T13:24:55","guid":{"rendered":"https:\/\/www.fiets4daagsewinterswijk.nl\/?page_id=3285"},"modified":"2019-06-30T09:42:58","modified_gmt":"2019-06-30T08:42:58","slug":"datenschutzerklaerung","status":"publish","type":"page","link":"https:\/\/www.fiets4daagsewinterswijk.nl\/de\/datenschutzerklaerung\/","title":{"rendered":"Datenschutzerkl\u00e4rung"},"content":{"rendered":"<p>Stichting WFevenementen, Leliestraat 65, NL-7101 CH Winterswijk, ist f\u00fcr die Verarbeitung personenbezogener Daten verantwortlich, wie in dieser Datenschutzerkl\u00e4rung aufgef\u00fchrt.<br \/>\n<b><br \/>\nKontaktdaten:<\/b><br \/>\nhttps:\/\/www.wfevenementen.nl<br \/>\nLeliestraat 65<br \/>\nNL- 7101 CH Winterswijk<\/p>\n<h2>Personenbezogene Daten<\/h2>\n<p>Stichting WFevenementen verarbeitet Ihre personenbezogenen Daten dadurch, indem Sie unsere Dienstleistungen nutzen und\/oder uns selbst Ihre Daten zur Verf\u00fcgung stellen. Nachstehend finden Sie eine \u00dcbersicht der personenbezogenen Daten, die wir verarbeiten:<br \/>\nName<br \/>\nAnschrift<br \/>\nPostleitzahl<br \/>\nOrt<br \/>\nE-Mail<br \/>\nDie letzten 4 Ziffern der Bankverbindung ( um die erfolgreiche Durchf\u00fchrung einer \u00dcberweisung zu \u00fcberpr\u00fcfen )<\/p>\n<h2>Besondere und\/oder sensible personenbezogene Daten<\/h2>\n<p>Unsere Website und\/oder Dienstleistung hat nicht die Absicht, Daten von Websitebesuchern, die j\u00fcnger als 16 Jahre sind, zu sammeln, es sei denn, es liegt eine Erlaubnis der Eltern oder Erziehungsberechtigten vor. Es ist uns allerdings nicht m\u00f6glich zu \u00fcberpr\u00fcfen, ob ein Besucher 16 Jahre oder \u00e4lter ist. Wir empfehlen Eltern daher, ihre Kinder bei einem verantwortungsvollen Umgang ihrer Online- T\u00e4tigkeiten zu begleiten, um zu vermeiden, dass ohne elterliche Zustimmung Daten von Kindern gesammelt werden. Wenn Sie davon \u00fcberzeugt sind, dass wir ohne Zustimmung pers\u00f6nliche Datem von Minderj\u00e4hrigen gesammelt haben, dann nehmen Sie bitte Kontakt mit uns auf \u00fcber info@wfevenementen.nl, damit wir diese Daten l\u00f6schen.<\/p>\n<h2>Zu welchem Zweck und auf welcher Grundlage verarbeiten wir personenbezogene Daten<\/h2>\n<p>Stichting WFevenementen verarbeitet Ihre personenbezogenen Daten, um:<br \/>\n\u2022 Sie telefonisch oder per E-mail kontaktieren zu k\u00f6nnen, sofern dieses notwendig ist, um unsere Dienstleistung \u00a0 \u00a0 \u00a0 \u00a0 \u00a0 \u00a0 \u00a0 ausf\u00fchren zu k\u00f6nnen<br \/>\n\u2022 Sie \u00fcber \u00c4nderungen unserer Dienstleistungen und Produkte zu informieren<br \/>\n\u2022 Dienstleistungen f\u00fcr Sie zu erbringen.<\/p>\n<h2>Automatisierte Entscheidungen<\/h2>\n<p>Stichting WFevenementen trifft keine Entscheidungen, die ( weitreichende ) Folgen f\u00fcr Personen haben k\u00f6nnen und auf automatisierten Verarbeitungen beruhen. Hierzu z\u00e4hlen Entscheidungen, die durch Computerprogramme oder -systeme ohne menschliches Zutun ( z. B. durch Mitarbeiter von Stichting WFevenementen ) getroffen werden.<\/p>\n<h2>Wie lange werden personenbezogener Daten gespeichert<\/h2>\n<p>Stichting WFevenementen speichert Ihre personenbezogenen Daten nicht l\u00e4nger, als es f\u00fcr den Zweck notwendig ist, zu dem sie erfasst wurden.<\/p>\n<h2>Weitergabe personenbezogenen Daten an Dritte<\/h2>\n<p>Stichting WFevenementen gibt Daten ausschlie\u00dflich an Dritte weiter, wenn diese notwendig ist, um unseren vertraglichen Vereinbarungen mit Ihnen nachzukommen oder wenn wir gesetzlich dazu verpflichtet sind.<\/p>\n<h2>Einsatz von Cookies oder vergleichbaren Techniken<\/h2>\n<p>Stichting WFevenementen setzt nur technische und funktionelle Cookies sowie Cookies zu Analysezwecken ein, die nicht in Ihre Privatsph\u00e4re eingreifen. Cookies sind kleien Textdateien, die bei Ihren ersten Besuch einer Website Daten auf Ihren Computer, Mobiltelefon oder einem anderen Ger\u00e4t speichern. Die von uns eingesetzten Cookies sind notwendig f\u00fcr die technische Funktion der Website und zur Verbesserung der Nutzerfreundlichkeit. Cookies sorgen darf\u00fcr, dass die Website angemessen arbeitet, indem z.B. Ihre bevorzugten Einstellungen gespeichert werden. Sie dienen ebenso dazu, unsere Website zu optimieren. Sie k\u00f6nnen Cookies ablehnen, indem Sie Ihre Browser so einstellen, dass er keine Cookies mehr speichert. Au\u00dferdem k\u00f6nnen Sie alle fr\u00fcher gespeicherten Infomationen in den Einstellungen Ihres Browsers l\u00f6schen.<\/p>\n<h2>Details Ihren Daten, Ver\u00e4ndern oder L\u00f6schen von Daten<\/h2>\n<p>Sie haben das Recht, Details \u00fcber die von uns \u00fcber Sie erfassten personenbezogenen Daten anzufordern und die Korrektur von fehlerhaften Daten zu verlangen, der Verabeitung der Daten durch Stichting WFevenementen zu widersprechen oder eine Einschr\u00e4nkung ihrer Verarbeitung zu verlangen, Zugriff auf und L\u00f6schung oder \u00dcbertragbarkeit Ihrer Daten zu verlangen. Das bedeutet, dass Sie uns beantragen k\u00f6nnen, Ihre bei uns vorliegenden personenbezogenen Daten als Datei an Sie oder eine von Ihnen bestimmte Organisation weiterzugeben. Sie k\u00f6nnen den Antrag auf Einsicht, Korrektur, L\u00f6schung oder \u00dcbertragbarkeit Ihren personenbezogenen Daten oder den Widerspruch zur Nutzung Ihrer personenbezogenen Daten senden an info@wfevenementen.nl. Um sicherzugehen, dass die Anfrage durch Sie erfolgt ist, bitten wir darum, zusammen mit Ihrer Anfrage eine Kopie Ihres Personalausweises zuzusenden. Bitte schw\u00e4rzen Sie in dieser Kopie Ihr Passfoto, die maschienenlesbare Zone ( der Bereich met den Ziffern unten auf dem Personalausweis ) und die Personalausweisnummer. Dieses dient dem Schutz Ihre Privatsph\u00e4re. Wir reagieren schnellstm\u00f6glich, jedoch innerhalb von vier Wochen auf Ihre Anfrage. Stichting WFevenementen weist Sie au\u00dferdem darauf hin, dass Sie bei einer nationalen Aufsichtsbeh\u00f6rde, dem Datenschutzbeauftragten Ihres Landes, Klage einreichen k\u00f6nnen.<\/p>\n<h2>Wie wir Ihre personenbezogenen Daten Schutzen<\/h2>\n<p>Stichting WFevenementen nimmt den Schutz Ihrer Daten ernst und hat angemessene physikalische und technische Ma\u00dfnahmen ergriffen, um Ihre Daten vor Missbrauch, Verlust, ungefugten Zugriff, unerw\u00fcnschte Ver\u00f6ffentlichung und unerlaubte \u00c4nderungen zu sch\u00fctzen. Wenn Sie den Eindruck heben, dass Ihre Daten nicht ausreichend gesch\u00fctzt sind oder es Anzeichen f\u00fcr Datenmissbrauch gibt, nehmen Sie bitte kontakt auf mit info@wfevenementen.<\/p>\n","protected":false},"excerpt":{"rendered":"<p>Stichting WFevenementen, Leliestraat 65, NL-7101 CH Winterswijk, ist f\u00fcr die Verarbeitung personenbezogener Daten verantwortlich, wie in dieser Datenschutzerkl\u00e4rung aufgef\u00fchrt. Kontaktdaten: https:\/\/www.wfevenementen.nl Leliestraat 65 NL- 7101 CH Winterswijk Personenbezogene Daten Stichting WFevenementen verarbeitet Ihre personenbezogenen Daten dadurch, indem Sie unsere Dienstleistungen nutzen und\/oder uns selbst Ihre Daten zur Verf\u00fcgung stellen. Nachstehend finden Sie eine \u00dcbersicht der [&hellip;]<\/p>\n","protected":false},"author":1,"featured_media":0,"parent":0,"menu_order":4,"comment_status":"closed","ping_status":"closed","template":"","meta":{"_acf_changed":false,"footnotes":""},"class_list":["post-3285","page","type-page","status-publish","hentry","wordpress-sticky"],"acf":[],"yoast_head":"<!-- This site is optimized with the Yoast SEO plugin v27.4 - https:\/\/yoast.com\/product\/yoast-seo-wordpress\/ -->\n<title>Datenschutzerkl\u00e4rung - Winterswijkse Fiets4daagse<\/title>\n<meta name=\"robots\" content=\"index, follow, max-snippet:-1, max-image-preview:large, max-video-preview:-1\" \/>\n<link rel=\"canonical\" href=\"https:\/\/www.fiets4daagsewinterswijk.nl\/de\/datenschutzerklaerung\/\" \/>\n<meta property=\"og:locale\" content=\"de_DE\" \/>\n<meta property=\"og:type\" content=\"article\" \/>\n<meta property=\"og:title\" content=\"Datenschutzerkl\u00e4rung - Winterswijkse Fiets4daagse\" \/>\n<meta property=\"og:description\" content=\"Stichting WFevenementen, Leliestraat 65, NL-7101 CH Winterswijk, ist f\u00fcr die Verarbeitung personenbezogener Daten verantwortlich, wie in dieser Datenschutzerkl\u00e4rung aufgef\u00fchrt. Kontaktdaten: https:\/\/www.wfevenementen.nl Leliestraat 65 NL- 7101 CH Winterswijk Personenbezogene Daten Stichting WFevenementen verarbeitet Ihre personenbezogenen Daten dadurch, indem Sie unsere Dienstleistungen nutzen und\/oder uns selbst Ihre Daten zur Verf\u00fcgung stellen. Nachstehend finden Sie eine \u00dcbersicht der [&hellip;]\" \/>\n<meta property=\"og:url\" content=\"https:\/\/www.fiets4daagsewinterswijk.nl\/de\/datenschutzerklaerung\/\" \/>\n<meta property=\"og:site_name\" content=\"Winterswijkse Fiets4daagse\" \/>\n<meta property=\"article:modified_time\" content=\"2019-06-30T08:42:58+00:00\" \/>\n<meta name=\"twitter:label1\" content=\"Gesch\u00e4tzte Lesezeit\" \/>\n\t<meta name=\"twitter:data1\" content=\"4\u00a0Minuten\" \/>\n<script type=\"application\/ld+json\" class=\"yoast-schema-graph\">{\"@context\":\"https:\\\/\\\/schema.org\",\"@graph\":[{\"@type\":\"WebPage\",\"@id\":\"https:\\\/\\\/www.fiets4daagsewinterswijk.nl\\\/de\\\/datenschutzerklaerung\\\/\",\"url\":\"https:\\\/\\\/www.fiets4daagsewinterswijk.nl\\\/de\\\/datenschutzerklaerung\\\/\",\"name\":\"Datenschutzerkl\u00e4rung - Winterswijkse Fiets4daagse\",\"isPartOf\":{\"@id\":\"https:\\\/\\\/www.fiets4daagsewinterswijk.nl\\\/#website\"},\"datePublished\":\"2018-06-05T13:24:55+00:00\",\"dateModified\":\"2019-06-30T08:42:58+00:00\",\"breadcrumb\":{\"@id\":\"https:\\\/\\\/www.fiets4daagsewinterswijk.nl\\\/de\\\/datenschutzerklaerung\\\/#breadcrumb\"},\"inLanguage\":\"de\",\"potentialAction\":[{\"@type\":\"ReadAction\",\"target\":[\"https:\\\/\\\/www.fiets4daagsewinterswijk.nl\\\/de\\\/datenschutzerklaerung\\\/\"]}]},{\"@type\":\"BreadcrumbList\",\"@id\":\"https:\\\/\\\/www.fiets4daagsewinterswijk.nl\\\/de\\\/datenschutzerklaerung\\\/#breadcrumb\",\"itemListElement\":[{\"@type\":\"ListItem\",\"position\":1,\"name\":\"Home\",\"item\":\"https:\\\/\\\/www.fiets4daagsewinterswijk.nl\\\/de\\\/\"},{\"@type\":\"ListItem\",\"position\":2,\"name\":\"Datenschutzerkl\u00e4rung\"}]},{\"@type\":\"WebSite\",\"@id\":\"https:\\\/\\\/www.fiets4daagsewinterswijk.nl\\\/#website\",\"url\":\"https:\\\/\\\/www.fiets4daagsewinterswijk.nl\\\/\",\"name\":\"Winterswijkse Fiets4daagse\",\"description\":\"\",\"potentialAction\":[{\"@type\":\"SearchAction\",\"target\":{\"@type\":\"EntryPoint\",\"urlTemplate\":\"https:\\\/\\\/www.fiets4daagsewinterswijk.nl\\\/?s={search_term_string}\"},\"query-input\":{\"@type\":\"PropertyValueSpecification\",\"valueRequired\":true,\"valueName\":\"search_term_string\"}}],\"inLanguage\":\"de\"}]}<\/script>\n<!-- \/ Yoast SEO plugin. -->","yoast_head_json":{"title":"Datenschutzerkl\u00e4rung - Winterswijkse Fiets4daagse","robots":{"index":"index","follow":"follow","max-snippet":"max-snippet:-1","max-image-preview":"max-image-preview:large","max-video-preview":"max-video-preview:-1"},"canonical":"https:\/\/www.fiets4daagsewinterswijk.nl\/de\/datenschutzerklaerung\/","og_locale":"de_DE","og_type":"article","og_title":"Datenschutzerkl\u00e4rung - Winterswijkse Fiets4daagse","og_description":"Stichting WFevenementen, Leliestraat 65, NL-7101 CH Winterswijk, ist f\u00fcr die Verarbeitung personenbezogener Daten verantwortlich, wie in dieser Datenschutzerkl\u00e4rung aufgef\u00fchrt. Kontaktdaten: https:\/\/www.wfevenementen.nl Leliestraat 65 NL- 7101 CH Winterswijk Personenbezogene Daten Stichting WFevenementen verarbeitet Ihre personenbezogenen Daten dadurch, indem Sie unsere Dienstleistungen nutzen und\/oder uns selbst Ihre Daten zur Verf\u00fcgung stellen. Nachstehend finden Sie eine \u00dcbersicht der [&hellip;]","og_url":"https:\/\/www.fiets4daagsewinterswijk.nl\/de\/datenschutzerklaerung\/","og_site_name":"Winterswijkse Fiets4daagse","article_modified_time":"2019-06-30T08:42:58+00:00","twitter_misc":{"Gesch\u00e4tzte Lesezeit":"4\u00a0Minuten"},"schema":{"@context":"https:\/\/schema.org","@graph":[{"@type":"WebPage","@id":"https:\/\/www.fiets4daagsewinterswijk.nl\/de\/datenschutzerklaerung\/","url":"https:\/\/www.fiets4daagsewinterswijk.nl\/de\/datenschutzerklaerung\/","name":"Datenschutzerkl\u00e4rung - Winterswijkse Fiets4daagse","isPartOf":{"@id":"https:\/\/www.fiets4daagsewinterswijk.nl\/#website"},"datePublished":"2018-06-05T13:24:55+00:00","dateModified":"2019-06-30T08:42:58+00:00","breadcrumb":{"@id":"https:\/\/www.fiets4daagsewinterswijk.nl\/de\/datenschutzerklaerung\/#breadcrumb"},"inLanguage":"de","potentialAction":[{"@type":"ReadAction","target":["https:\/\/www.fiets4daagsewinterswijk.nl\/de\/datenschutzerklaerung\/"]}]},{"@type":"BreadcrumbList","@id":"https:\/\/www.fiets4daagsewinterswijk.nl\/de\/datenschutzerklaerung\/#breadcrumb","itemListElement":[{"@type":"ListItem","position":1,"name":"Home","item":"https:\/\/www.fiets4daagsewinterswijk.nl\/de\/"},{"@type":"ListItem","position":2,"name":"Datenschutzerkl\u00e4rung"}]},{"@type":"WebSite","@id":"https:\/\/www.fiets4daagsewinterswijk.nl\/#website","url":"https:\/\/www.fiets4daagsewinterswijk.nl\/","name":"Winterswijkse Fiets4daagse","description":"","potentialAction":[{"@type":"SearchAction","target":{"@type":"EntryPoint","urlTemplate":"https:\/\/www.fiets4daagsewinterswijk.nl\/?s={search_term_string}"},"query-input":{"@type":"PropertyValueSpecification","valueRequired":true,"valueName":"search_term_string"}}],"inLanguage":"de"}]}},"_links":{"self":[{"href":"https:\/\/www.fiets4daagsewinterswijk.nl\/de\/wp-json\/wp\/v2\/pages\/3285","targetHints":{"allow":["GET"]}}],"collection":[{"href":"https:\/\/www.fiets4daagsewinterswijk.nl\/de\/wp-json\/wp\/v2\/pages"}],"about":[{"href":"https:\/\/www.fiets4daagsewinterswijk.nl\/de\/wp-json\/wp\/v2\/types\/page"}],"author":[{"embeddable":true,"href":"https:\/\/www.fiets4daagsewinterswijk.nl\/de\/wp-json\/wp\/v2\/users\/1"}],"replies":[{"embeddable":true,"href":"https:\/\/www.fiets4daagsewinterswijk.nl\/de\/wp-json\/wp\/v2\/comments?post=3285"}],"version-history":[{"count":3,"href":"https:\/\/www.fiets4daagsewinterswijk.nl\/de\/wp-json\/wp\/v2\/pages\/3285\/revisions"}],"predecessor-version":[{"id":3294,"href":"https:\/\/www.fiets4daagsewinterswijk.nl\/de\/wp-json\/wp\/v2\/pages\/3285\/revisions\/3294"}],"wp:attachment":[{"href":"https:\/\/www.fiets4daagsewinterswijk.nl\/de\/wp-json\/wp\/v2\/media?parent=3285"}],"curies":[{"name":"wp","href":"https:\/\/api.w.org\/{rel}","templated":true}]}}